{"id":72,"date":"2007-06-07T01:36:16","date_gmt":"2007-06-06T23:36:16","guid":{"rendered":"http:\/\/regrowingeden.ch\/?page_id=72"},"modified":"2007-10-27T15:10:02","modified_gmt":"2007-10-27T13:10:02","slug":"trees","status":"publish","type":"page","link":"https:\/\/regrowingeden.ch\/?page_id=72","title":{"rendered":"Plants"},"content":{"rendered":"<p><lang_de><a href=\"http:\/\/regrowingeden.ch\/?page_id=6\"><strong>&#8220;Deine Meinung zu Gentechnologie als k\u00fcnstlerisches Bild&#8221;<\/strong><\/a><\/p>\n<p>Diese Pflanzen sind bei der Auswertung des <a href=\"http:\/\/regrowingeden.ch\/?page_id=6\" target=\"_blank\"><strong>Fragebogens  zu Gentechnologie<\/strong><\/a> entstanden. F\u00fclle auch du den Online-Fragebogen aus &#8211; dein Fragebogen wird sofort ausgewertet und als k\u00fcnstlerisches Bild abgebildet. Die Bilder wurden mit dem Programm <strong>Lworld<\/strong> von <strong><a href=\"http:\/\/www.ifi.unizh.ch\/~noser\/\" target=\"_blank\">Hansrudi Noser<\/a><\/strong> generiert, welches ein Lindenmayer\/Fraktalsystem interpretiert!<\/p>\n<p><strong>Animierte Pflanze in Vergr\u00f6sserung: Klick auf Nummer unter dem Bild!<\/strong><\/p>\n<pixgallery path=\"\/wp-content\/plants\/\"><\/pixgallery><\/lang_de><\/p>\n<p><lang_en><a href=\"http:\/\/regrowingeden.ch\/?page_id=6\"><strong>&#8220;Your opinion on GE\/GMO as artistic picture&#8221;<\/strong><\/a>.<\/p>\n<p>These plants were calculated from the <a href=\"http:\/\/regrowingeden.ch\/?page_id=6\" target=\"_blank\"><strong>Questionnaire on GE\/GMO<\/strong><\/a>. Please  participate and fill in the form &#8211; your answers will be transformed into an artisic picture within a minute. The pics were calculated with the <strong>Lworld-programm<\/strong> of <strong><a href=\"http:\/\/www.ifi.unizh.ch\/~noser\/\" target=\"_blank\">Hansrudi Noser<\/a><\/strong>. It is an interpratation from the Lindenmayer\/Fractalsystem!<\/p>\n<p><strong>Click onto the number below the plants and you will see the animated plant in fullsize<\/strong>:<\/p>\n<pixgallery path=\"\/wp-content\/plants\/\"><\/pixgallery><\/lang_en><\/p>\n<p><lang_pt><a href=\"http:\/\/regrowingeden.ch\/?page_id=6\"><strong>&#8220;Sua opini\u00e3o sobre Engenharia Gen\u00e9tica em forma de cria\u00e7\u00e3o art\u00edstica! &#8220;<\/strong><\/a><\/lang_pt><\/p>\n<p><lang_pt>Responda tamb\u00e9m o <a href=\"http:\/\/regrowingeden.ch\/?page_id=6\" target=\"_blank\">question\u00e1rio on-line<\/a>. os imagemes s\u00e3o calculados com o programa <strong>Lworld<\/strong> do <strong><a href=\"http:\/\/www.ifi.unizh.ch\/~noser\/\" target=\"_blank\">Hansrudi Noser<\/a><\/strong>! \u00e9 uma interpreta\u00e7\u00e3o dos Lindenmayer\/Fractales-sistemas.<\/p>\n<p><strong>Clique ao n\u00famero abaixo das plantas para ver a imagem animado!!!<\/strong><\/p>\n<pixgallery path=\"\/wp-content\/plants\/\"><\/pixgallery><\/lang_pt><\/p>\n<p><lang_vi><a href=\"http:\/\/regrowingeden.ch\/?page_id=6\"><strong>&#8220;Your opinion on GE\/GMO as artistic picture&#8221;<\/strong><\/a>.<\/p>\n<p>These plants were calculated from the <a href=\"http:\/\/regrowingeden.ch\/?page_id=6\" target=\"_blank\"><strong>Questionnaire on GE\/GMO<\/strong><\/a>. Please  participate and fill in the form &#8211; your answers will be transformed into an artisic picture within a minute. The pics were calculated with the <strong>Lworld-programm<\/strong> of <strong><a href=\"http:\/\/www.ifi.unizh.ch\/~noser\/\" target=\"_blank\">Hansrudi Noser<\/a><\/strong>. It is an interpratation from the Lindenmayer\/Fractalsystem!<\/p>\n<p><strong>Click onto the number below the plants and you will see the animated plant in fullsize<\/strong>:<\/p>\n<pixgallery path=\"\/wp-content\/plants\/\"><\/pixgallery><\/lang_vi><\/p>\n","protected":false},"excerpt":{"rendered":"<p>&#8220;Deine Meinung zu Gentechnologie als k\u00fcnstlerisches Bild&#8221; Diese Pflanzen sind bei der Auswertung des Fragebogens zu Gentechnologie entstanden. F\u00fclle auch du den Online-Fragebogen aus &#8211; dein Fragebogen wird sofort ausgewertet und als k\u00fcnstlerisches Bild abgebildet. Die Bilder wurden mit dem Programm Lworld von Hansrudi Noser generiert, welches ein Lindenmayer\/Fraktalsystem interpretiert! Animierte Pflanze in Vergr\u00f6sserung: Klick [&hellip;]<\/p>\n","protected":false},"author":1,"featured_media":0,"parent":0,"menu_order":4,"comment_status":"closed","ping_status":"closed","template":"breit.php","meta":{"footnotes":""},"class_list":["post-72","page","type-page","status-publish","hentry"],"_links":{"self":[{"href":"https:\/\/regrowingeden.ch\/index.php?rest_route=\/wp\/v2\/pages\/72","targetHints":{"allow":["GET"]}}],"collection":[{"href":"https:\/\/regrowingeden.ch\/index.php?rest_route=\/wp\/v2\/pages"}],"about":[{"href":"https:\/\/regrowingeden.ch\/index.php?rest_route=\/wp\/v2\/types\/page"}],"author":[{"embeddable":true,"href":"https:\/\/regrowingeden.ch\/index.php?rest_route=\/wp\/v2\/users\/1"}],"replies":[{"embeddable":true,"href":"https:\/\/regrowingeden.ch\/index.php?rest_route=%2Fwp%2Fv2%2Fcomments&post=72"}],"version-history":[{"count":0,"href":"https:\/\/regrowingeden.ch\/index.php?rest_route=\/wp\/v2\/pages\/72\/revisions"}],"wp:attachment":[{"href":"https:\/\/regrowingeden.ch\/index.php?rest_route=%2Fwp%2Fv2%2Fmedia&parent=72"}],"curies":[{"name":"wp","href":"https:\/\/api.w.org\/{rel}","templated":true}]}}